{"id":2586,"date":"2016-05-10T03:48:21","date_gmt":"2016-05-10T03:48:21","guid":{"rendered":"https:\/\/ambwood.com\/sample-page\/"},"modified":"2025-09-24T08:50:59","modified_gmt":"2025-09-24T08:50:59","slug":"sample-page","status":"publish","type":"page","link":"https:\/\/ambwood.com\/ca\/","title":{"rendered":"Ambwood \u00b7 Maquetas de madera automontables"},"content":{"rendered":"\t\t<div data-elementor-type=\"wp-page\" data-elementor-id=\"2586\" class=\"elementor elementor-2586 elementor-2\" data-elementor-post-type=\"page\">\n\t\t\t\t\t\t<section class=\"elementor-section elementor-top-section elementor-element elementor-element-53d5f94d elementor-section-full_width elementor-section-height-default elementor-section-height-default\" data-id=\"53d5f94d\" data-element_type=\"section\" data-e-type=\"section\" data-settings=\"{&quot;background_background&quot;:&quot;classic&quot;}\">\n\t\t\t\t\t\t<div class=\"elementor-container elementor-column-gap-default\">\n\t\t\t\t\t<div class=\"elementor-column elementor-col-100 elementor-top-column elementor-element elementor-element-fb4c6aa\" data-id=\"fb4c6aa\" data-element_type=\"column\" data-e-type=\"column\">\n\t\t\t<div class=\"elementor-widget-wrap elementor-element-populated\">\n\t\t\t\t\t\t<div class=\"elementor-element elementor-element-552a002c elementor-widget elementor-widget-video\" data-id=\"552a002c\" data-element_type=\"widget\" data-e-type=\"widget\" data-settings=\"{&quot;video_type&quot;:&quot;hosted&quot;,&quot;mute&quot;:&quot;yes&quot;,&quot;autoplay&quot;:&quot;yes&quot;,&quot;play_on_mobile&quot;:&quot;yes&quot;,&quot;loop&quot;:&quot;yes&quot;,&quot;controls&quot;:&quot;yes&quot;}\" data-widget_type=\"video.default\">\n\t\t\t\t<div class=\"elementor-widget-container\">\n\t\t\t\t\t\t\t<div class=\"e-hosted-video elementor-wrapper elementor-open-inline\">\n\t\t\t\t\t<video class=\"elementor-video\" src=\"https:\/\/ambwood.com\/wp-content\/uploads\/2025\/09\/vf-CATALA-VIDEO-TV-FINAL-INTERGIFT-1.mp4\" autoplay=\"\" loop=\"\" controls=\"\" muted=\"muted\" playsinline=\"\" controlsList=\"nodownload\"><\/video>\n\t\t\t\t<\/div>\n\t\t\t\t\t\t<\/div>\n\t\t\t\t<\/div>\n\t\t\t\t\t<\/div>\n\t\t<\/div>\n\t\t\t\t\t<\/div>\n\t\t<\/section>\n\t\t\t\t<section class=\"elementor-section elementor-top-section elementor-element elementor-element-3100e049 elementor-section-boxed elementor-section-height-default elementor-section-height-default\" data-id=\"3100e049\" data-element_type=\"section\" data-e-type=\"section\" data-settings=\"{&quot;background_background&quot;:&quot;classic&quot;}\">\n\t\t\t\t\t\t<div class=\"elementor-container elementor-column-gap-default\">\n\t\t\t\t\t<div class=\"elementor-column elementor-col-50 elementor-top-column elementor-element elementor-element-194a847c\" data-id=\"194a847c\" data-element_type=\"column\" data-e-type=\"column\">\n\t\t\t<div class=\"elementor-widget-wrap elementor-element-populated\">\n\t\t\t\t\t\t<div class=\"elementor-element elementor-element-31e51eb3 elementor-widget elementor-widget-image\" data-id=\"31e51eb3\" data-element_type=\"widget\" data-e-type=\"widget\" data-widget_type=\"image.default\">\n\t\t\t\t<div class=\"elementor-widget-container\">\n\t\t\t\t\t\t\t\t\t\t\t\t\t\t\t<img fetchpriority=\"high\" decoding=\"async\" width=\"800\" height=\"800\" src=\"https:\/\/ambwood.com\/wp-content\/uploads\/2025\/09\/DSC_0156-2-1024x1024.jpg\" class=\"attachment-large size-large wp-image-5850\" alt=\"\" srcset=\"https:\/\/ambwood.com\/wp-content\/uploads\/2025\/09\/DSC_0156-2-1024x1024.jpg 1024w, https:\/\/ambwood.com\/wp-content\/uploads\/2025\/09\/DSC_0156-2-300x300.jpg 300w, https:\/\/ambwood.com\/wp-content\/uploads\/2025\/09\/DSC_0156-2-150x150.jpg 150w, https:\/\/ambwood.com\/wp-content\/uploads\/2025\/09\/DSC_0156-2-768x768.jpg 768w, https:\/\/ambwood.com\/wp-content\/uploads\/2025\/09\/DSC_0156-2-1536x1536.jpg 1536w, https:\/\/ambwood.com\/wp-content\/uploads\/2025\/09\/DSC_0156-2-2048x2048.jpg 2048w, https:\/\/ambwood.com\/wp-content\/uploads\/2025\/09\/DSC_0156-2-600x600.jpg 600w, https:\/\/ambwood.com\/wp-content\/uploads\/2025\/09\/DSC_0156-2-100x100.jpg 100w\" sizes=\"(max-width: 800px) 100vw, 800px\" \/>\t\t\t\t\t\t\t\t\t\t\t\t\t\t\t<\/div>\n\t\t\t\t<\/div>\n\t\t\t\t\t<\/div>\n\t\t<\/div>\n\t\t\t\t<div class=\"elementor-column elementor-col-50 elementor-top-column elementor-element elementor-element-3297e352\" data-id=\"3297e352\" data-element_type=\"column\" data-e-type=\"column\" data-settings=\"{&quot;background_background&quot;:&quot;classic&quot;}\">\n\t\t\t<div class=\"elementor-widget-wrap elementor-element-populated\">\n\t\t\t\t\t\t<div class=\"elementor-element elementor-element-49ba314c linkMaquetes elementor-widget-mobile__width-initial elementor-widget__width-initial elementor-widget elementor-widget-text-editor\" data-id=\"49ba314c\" data-element_type=\"widget\" data-e-type=\"widget\" data-widget_type=\"text-editor.default\">\n\t\t\t\t<div class=\"elementor-widget-container\">\n\t\t\t\t\t\t\t\t\t<p>Cada una de les nostres maquetes automuntables \u00e9s una obra concebuda amb <strong>legitimitat<\/strong> hist\u00f2rica,<strong> fidelitat<\/strong> absoluta a l\u2019original i un nivell de <strong>detall<\/strong> sense precedents.<\/p>\t\t\t\t\t\t\t\t<\/div>\n\t\t\t\t<\/div>\n\t\t\t\t<div class=\"elementor-element elementor-element-7fe20d8b elementor-widget elementor-widget-spacer\" data-id=\"7fe20d8b\" data-element_type=\"widget\" data-e-type=\"widget\" data-widget_type=\"spacer.default\">\n\t\t\t\t<div class=\"elementor-widget-container\">\n\t\t\t\t\t\t\t<div class=\"elementor-spacer\">\n\t\t\t<div class=\"elementor-spacer-inner\"><\/div>\n\t\t<\/div>\n\t\t\t\t\t\t<\/div>\n\t\t\t\t<\/div>\n\t\t\t\t\t<\/div>\n\t\t<\/div>\n\t\t\t\t\t<\/div>\n\t\t<\/section>\n\t\t\t\t<section class=\"elementor-section elementor-top-section elementor-element elementor-element-6982a5de elementor-section-boxed elementor-section-height-default elementor-section-height-default\" data-id=\"6982a5de\" data-element_type=\"section\" data-e-type=\"section\">\n\t\t\t\t\t\t<div class=\"elementor-container elementor-column-gap-default\">\n\t\t\t\t\t<div class=\"elementor-column elementor-col-50 elementor-top-column elementor-element elementor-element-66a140ec\" data-id=\"66a140ec\" data-element_type=\"column\" data-e-type=\"column\">\n\t\t\t<div class=\"elementor-widget-wrap elementor-element-populated\">\n\t\t\t\t\t\t<div class=\"elementor-element elementor-element-590c4d38 elementor-widget elementor-widget-spacer\" data-id=\"590c4d38\" data-element_type=\"widget\" data-e-type=\"widget\" data-widget_type=\"spacer.default\">\n\t\t\t\t<div class=\"elementor-widget-container\">\n\t\t\t\t\t\t\t<div class=\"elementor-spacer\">\n\t\t\t<div class=\"elementor-spacer-inner\"><\/div>\n\t\t<\/div>\n\t\t\t\t\t\t<\/div>\n\t\t\t\t<\/div>\n\t\t\t\t<div class=\"elementor-element elementor-element-249ed7b7 linkMaquetes elementor-widget-tablet__width-initial elementor-widget-mobile__width-initial elementor-widget elementor-widget-heading\" data-id=\"249ed7b7\" data-element_type=\"widget\" data-e-type=\"widget\" data-widget_type=\"heading.default\">\n\t\t\t\t<div class=\"elementor-widget-container\">\n\t\t\t\t\t<h2 class=\"elementor-heading-title elementor-size-default\">Perfecci\u00f2 en <br>cada detall<\/h2>\t\t\t\t<\/div>\n\t\t\t\t<\/div>\n\t\t\t\t<div class=\"elementor-element elementor-element-6d5532d0 linkMaquetes elementor-widget__width-initial elementor-widget-tablet__width-initial elementor-widget-mobile__width-initial elementor-widget elementor-widget-text-editor\" data-id=\"6d5532d0\" data-element_type=\"widget\" data-e-type=\"widget\" data-widget_type=\"text-editor.default\">\n\t\t\t\t<div class=\"elementor-widget-container\">\n\t\t\t\t\t\t\t\t\t<p data-start=\"398\" data-end=\"574\">Per\u00f2 la veritable difer\u00e8ncia comen\u00e7a quan obres la caixa: l\u2019aroma de la fusta cremada, el tacte prec\u00eds de cada pe\u00e7a, l\u2019instant en qu\u00e8 el monument cobra vida a les teves mans.<\/p><p data-start=\"576\" data-end=\"690\">No \u00e9s un muntatge, \u00e9s un ritual est\u00e8tic que transforma la contemplaci\u00f3 en experi\u00e8ncia, all\u00f2 monumental en \u00edntim.<\/p><p data-start=\"692\" data-end=\"755\">Aqu\u00ed el luxe no s\u2019exhibeix: es construeix, pas a pas, amb tu.<\/p>\t\t\t\t\t\t\t\t<\/div>\n\t\t\t\t<\/div>\n\t\t\t\t\t<\/div>\n\t\t<\/div>\n\t\t\t\t<div class=\"elementor-column elementor-col-50 elementor-top-column elementor-element elementor-element-7f7dab10\" data-id=\"7f7dab10\" data-element_type=\"column\" data-e-type=\"column\">\n\t\t\t<div class=\"elementor-widget-wrap elementor-element-populated\">\n\t\t\t\t\t\t<div class=\"elementor-element elementor-element-5a24ab6c elementor-widget__width-initial elementor-widget-tablet__width-inherit elementor-widget elementor-widget-image\" data-id=\"5a24ab6c\" data-element_type=\"widget\" data-e-type=\"widget\" data-widget_type=\"image.default\">\n\t\t\t\t<div class=\"elementor-widget-container\">\n\t\t\t\t\t\t\t\t\t\t\t\t\t\t\t<img decoding=\"async\" width=\"800\" height=\"800\" src=\"https:\/\/ambwood.com\/wp-content\/uploads\/2025\/09\/DSC_0651-3-1024x1024.jpg\" class=\"attachment-large size-large wp-image-6039\" alt=\"\" srcset=\"https:\/\/ambwood.com\/wp-content\/uploads\/2025\/09\/DSC_0651-3-1024x1024.jpg 1024w, https:\/\/ambwood.com\/wp-content\/uploads\/2025\/09\/DSC_0651-3-300x300.jpg 300w, https:\/\/ambwood.com\/wp-content\/uploads\/2025\/09\/DSC_0651-3-150x150.jpg 150w, https:\/\/ambwood.com\/wp-content\/uploads\/2025\/09\/DSC_0651-3-768x768.jpg 768w, https:\/\/ambwood.com\/wp-content\/uploads\/2025\/09\/DSC_0651-3-1536x1536.jpg 1536w, https:\/\/ambwood.com\/wp-content\/uploads\/2025\/09\/DSC_0651-3-2048x2048.jpg 2048w, https:\/\/ambwood.com\/wp-content\/uploads\/2025\/09\/DSC_0651-3-600x600.jpg 600w, https:\/\/ambwood.com\/wp-content\/uploads\/2025\/09\/DSC_0651-3-100x100.jpg 100w\" sizes=\"(max-width: 800px) 100vw, 800px\" \/>\t\t\t\t\t\t\t\t\t\t\t\t\t\t\t<\/div>\n\t\t\t\t<\/div>\n\t\t\t\t\t<\/div>\n\t\t<\/div>\n\t\t\t\t\t<\/div>\n\t\t<\/section>\n\t\t\t\t<section class=\"elementor-section elementor-top-section elementor-element elementor-element-35a3c9db elementor-section-height-min-height elementor-section-boxed elementor-section-height-default elementor-section-items-middle\" data-id=\"35a3c9db\" data-element_type=\"section\" data-e-type=\"section\" data-settings=\"{&quot;background_background&quot;:&quot;classic&quot;}\">\n\t\t\t\t\t\t<div class=\"elementor-container elementor-column-gap-default\">\n\t\t\t\t\t<div class=\"elementor-column elementor-col-100 elementor-top-column elementor-element elementor-element-239246fd\" data-id=\"239246fd\" data-element_type=\"column\" data-e-type=\"column\">\n\t\t\t<div class=\"elementor-widget-wrap elementor-element-populated\">\n\t\t\t\t\t\t<div class=\"elementor-element elementor-element-743f3ffc elementor-widget__width-initial elementor-widget elementor-widget-heading\" data-id=\"743f3ffc\" data-element_type=\"widget\" data-e-type=\"widget\" data-widget_type=\"heading.default\">\n\t\t\t\t<div class=\"elementor-widget-container\">\n\t\t\t\t\t<h2 class=\"elementor-heading-title elementor-size-default\">Est\u00e0s preparat per descobrir quin monument et pertany, \namb quin comen\u00e7ar\u00e0s?<\/h2>\t\t\t\t<\/div>\n\t\t\t\t<\/div>\n\t\t\t\t\t<\/div>\n\t\t<\/div>\n\t\t\t\t\t<\/div>\n\t\t<\/section>\n\t\t\t\t<section class=\"elementor-section elementor-top-section elementor-element elementor-element-3e3a57ba elementor-section-boxed elementor-section-height-default elementor-section-height-default\" data-id=\"3e3a57ba\" data-element_type=\"section\" data-e-type=\"section\">\n\t\t\t\t\t\t<div class=\"elementor-container elementor-column-gap-default\">\n\t\t\t\t\t<div class=\"elementor-column elementor-col-100 elementor-top-column elementor-element elementor-element-7d0a6f9f\" data-id=\"7d0a6f9f\" data-element_type=\"column\" data-e-type=\"column\">\n\t\t\t<div class=\"elementor-widget-wrap elementor-element-populated\">\n\t\t\t\t\t\t<div class=\"elementor-element elementor-element-2d9e0560 elementor-arrows-position-outside elementor-widget__width-inherit elementor-pagination-position-outside elementor-widget elementor-widget-image-carousel\" data-id=\"2d9e0560\" data-element_type=\"widget\" data-e-type=\"widget\" data-settings=\"{&quot;slides_to_show&quot;:&quot;2&quot;,&quot;navigation&quot;:&quot;both&quot;,&quot;autoplay&quot;:&quot;yes&quot;,&quot;pause_on_hover&quot;:&quot;yes&quot;,&quot;pause_on_interaction&quot;:&quot;yes&quot;,&quot;autoplay_speed&quot;:5000,&quot;infinite&quot;:&quot;yes&quot;,&quot;speed&quot;:500}\" data-widget_type=\"image-carousel.default\">\n\t\t\t\t<div class=\"elementor-widget-container\">\n\t\t\t\t\t\t\t<div class=\"elementor-image-carousel-wrapper swiper\" role=\"region\" aria-roledescription=\"carousel\" aria-label=\"Carrusel de im\u00e1genes\" dir=\"ltr\">\n\t\t\t<div class=\"elementor-image-carousel swiper-wrapper\" aria-live=\"off\">\n\t\t\t\t\t\t\t\t<div class=\"swiper-slide\" role=\"group\" aria-roledescription=\"slide\" aria-label=\"1 de 18\"><figure class=\"swiper-slide-inner\"><img decoding=\"async\" class=\"swiper-slide-image\" src=\"https:\/\/ambwood.com\/wp-content\/uploads\/2025\/09\/DSC_0112-2-2048x2048.jpg\" alt=\"DSC_0112-2\" \/><\/figure><\/div><div class=\"swiper-slide\" role=\"group\" aria-roledescription=\"slide\" aria-label=\"2 de 18\"><figure class=\"swiper-slide-inner\"><img decoding=\"async\" class=\"swiper-slide-image\" src=\"https:\/\/ambwood.com\/wp-content\/uploads\/2025\/09\/DSC_0241-2.jpg\" alt=\"DSC_0241-2\" \/><\/figure><\/div><div class=\"swiper-slide\" role=\"group\" aria-roledescription=\"slide\" aria-label=\"3 de 18\"><figure class=\"swiper-slide-inner\"><img decoding=\"async\" class=\"swiper-slide-image\" src=\"https:\/\/ambwood.com\/wp-content\/uploads\/2025\/09\/DSC_0587-sesgado-2048x2048.jpg\" alt=\"DSC_0587--sesgado\" \/><\/figure><\/div><div class=\"swiper-slide\" role=\"group\" aria-roledescription=\"slide\" aria-label=\"4 de 18\"><figure class=\"swiper-slide-inner\"><img decoding=\"async\" class=\"swiper-slide-image\" src=\"https:\/\/ambwood.com\/wp-content\/uploads\/2025\/09\/arquitecto-trabajando-en-primer-plano-del-proyecto.jpg\" alt=\"arquitecto-trabajando-en-primer-plano-del-proyecto\" \/><\/figure><\/div><div class=\"swiper-slide\" role=\"group\" aria-roledescription=\"slide\" aria-label=\"5 de 18\"><figure class=\"swiper-slide-inner\"><img decoding=\"async\" class=\"swiper-slide-image\" src=\"https:\/\/ambwood.com\/wp-content\/uploads\/2025\/09\/DSC_0010-2-2048x2048.jpg\" alt=\"DSC_0010-2\" \/><\/figure><\/div><div class=\"swiper-slide\" role=\"group\" aria-roledescription=\"slide\" aria-label=\"6 de 18\"><figure class=\"swiper-slide-inner\"><img decoding=\"async\" class=\"swiper-slide-image\" src=\"https:\/\/ambwood.com\/wp-content\/uploads\/2025\/09\/DSC_0997-2-2-2.jpg\" alt=\"DSC_0997-2-2\" \/><\/figure><\/div><div class=\"swiper-slide\" role=\"group\" aria-roledescription=\"slide\" aria-label=\"7 de 18\"><figure class=\"swiper-slide-inner\"><img decoding=\"async\" class=\"swiper-slide-image\" src=\"https:\/\/ambwood.com\/wp-content\/uploads\/2025\/09\/DSC_0426-2-2-2048x2048.jpg\" alt=\"DSC_0426-2-2\" \/><\/figure><\/div><div class=\"swiper-slide\" role=\"group\" aria-roledescription=\"slide\" aria-label=\"8 de 18\"><figure class=\"swiper-slide-inner\"><img decoding=\"async\" class=\"swiper-slide-image\" src=\"https:\/\/ambwood.com\/wp-content\/uploads\/2025\/09\/P1011327-Edit-1.jpg\" alt=\"OLYMPUS DIGITAL CAMERA\" \/><\/figure><\/div><div class=\"swiper-slide\" role=\"group\" aria-roledescription=\"slide\" aria-label=\"9 de 18\"><figure class=\"swiper-slide-inner\"><img decoding=\"async\" class=\"swiper-slide-image\" src=\"https:\/\/ambwood.com\/wp-content\/uploads\/2025\/09\/DSC_0622-2-2-1.jpg\" alt=\"DSC_0622-2-2\" \/><\/figure><\/div><div class=\"swiper-slide\" role=\"group\" aria-roledescription=\"slide\" aria-label=\"10 de 18\"><figure class=\"swiper-slide-inner\"><img decoding=\"async\" class=\"swiper-slide-image\" src=\"https:\/\/ambwood.com\/wp-content\/uploads\/2025\/09\/ROSETON-PALMA.jpg\" alt=\"ROSETON PALMA\" \/><\/figure><\/div><div class=\"swiper-slide\" role=\"group\" aria-roledescription=\"slide\" aria-label=\"11 de 18\"><figure class=\"swiper-slide-inner\"><img decoding=\"async\" class=\"swiper-slide-image\" src=\"https:\/\/ambwood.com\/wp-content\/uploads\/2025\/09\/DSC_0483-2.jpg\" alt=\"DSC_0483-2\" \/><\/figure><\/div><div class=\"swiper-slide\" role=\"group\" aria-roledescription=\"slide\" aria-label=\"12 de 18\"><figure class=\"swiper-slide-inner\"><img decoding=\"async\" class=\"swiper-slide-image\" src=\"https:\/\/ambwood.com\/wp-content\/uploads\/2025\/09\/IMG_2138.jpg\" alt=\"IMG_2138\" \/><\/figure><\/div><div class=\"swiper-slide\" role=\"group\" aria-roledescription=\"slide\" aria-label=\"13 de 18\"><figure class=\"swiper-slide-inner\"><img decoding=\"async\" class=\"swiper-slide-image\" src=\"https:\/\/ambwood.com\/wp-content\/uploads\/2025\/09\/DSC_0314-1-2048x2048.jpg\" alt=\"DSC_0314\" \/><\/figure><\/div><div class=\"swiper-slide\" role=\"group\" aria-roledescription=\"slide\" aria-label=\"14 de 18\"><figure class=\"swiper-slide-inner\"><img decoding=\"async\" class=\"swiper-slide-image\" src=\"https:\/\/ambwood.com\/wp-content\/uploads\/2025\/09\/birch-1337498_1280-3.jpg\" alt=\"birch-1337498_1280-3\" \/><\/figure><\/div><div class=\"swiper-slide\" role=\"group\" aria-roledescription=\"slide\" aria-label=\"15 de 18\"><figure class=\"swiper-slide-inner\"><img decoding=\"async\" class=\"swiper-slide-image\" src=\"https:\/\/ambwood.com\/wp-content\/uploads\/2025\/09\/222-2.jpg\" alt=\"-222\" \/><\/figure><\/div><div class=\"swiper-slide\" role=\"group\" aria-roledescription=\"slide\" aria-label=\"16 de 18\"><figure class=\"swiper-slide-inner\"><img decoding=\"async\" class=\"swiper-slide-image\" src=\"https:\/\/ambwood.com\/wp-content\/uploads\/2025\/09\/DSC_0566-2-2-2048x2048.jpg\" alt=\"DSC_0566-2-2\" \/><\/figure><\/div><div class=\"swiper-slide\" role=\"group\" aria-roledescription=\"slide\" aria-label=\"17 de 18\"><figure class=\"swiper-slide-inner\"><img decoding=\"async\" class=\"swiper-slide-image\" src=\"https:\/\/ambwood.com\/wp-content\/uploads\/2025\/09\/DSC_0659-2-2-2048x2048.jpg\" alt=\"DSC_0659-2-2\" \/><\/figure><\/div><div class=\"swiper-slide\" role=\"group\" aria-roledescription=\"slide\" aria-label=\"18 de 18\"><figure class=\"swiper-slide-inner\"><img decoding=\"async\" class=\"swiper-slide-image\" src=\"https:\/\/ambwood.com\/wp-content\/uploads\/2025\/09\/DSC_0156-1362x2048.jpg\" alt=\"Catedral de Barcelona\" \/><\/figure><\/div>\t\t\t<\/div>\n\t\t\t\t\t\t\t\t\t\t\t\t<div class=\"elementor-swiper-button elementor-swiper-button-prev\" role=\"button\" tabindex=\"0\">\n\t\t\t\t\t\t<i aria-hidden=\"true\" class=\"eicon-chevron-left\"><\/i>\t\t\t\t\t<\/div>\n\t\t\t\t\t<div class=\"elementor-swiper-button elementor-swiper-button-next\" role=\"button\" tabindex=\"0\">\n\t\t\t\t\t\t<i aria-hidden=\"true\" class=\"eicon-chevron-right\"><\/i>\t\t\t\t\t<\/div>\n\t\t\t\t\n\t\t\t\t\t\t\t\t\t<div class=\"swiper-pagination\"><\/div>\n\t\t\t\t\t\t\t\t\t<\/div>\n\t\t\t\t\t\t<\/div>\n\t\t\t\t<\/div>\n\t\t\t\t\t<\/div>\n\t\t<\/div>\n\t\t\t\t\t<\/div>\n\t\t<\/section>\n\t\t\t\t<\/div>\n\t\t","protected":false},"excerpt":{"rendered":"<p>https:\/\/ambwood.com\/wp-content\/uploads\/2025\/09\/vf-CATALA-VIDEO-TV-FINAL-INTERGIFT-1.mp4 Cada una de les nostres maquetes automuntables \u00e9s una obra concebuda amb legitimitat hist\u00f2rica, fidelitat absoluta a l\u2019original i un nivell de detall sense precedents. Perfecci\u00f2 en cada detall Per\u00f2 la veritable difer\u00e8ncia comen\u00e7a quan obres la caixa: l\u2019aroma de la fusta cremada, el tacte prec\u00eds de cada pe\u00e7a, l\u2019instant en qu\u00e8 el monument [&hellip;]<\/p>\n","protected":false},"author":2,"featured_media":0,"parent":0,"menu_order":0,"comment_status":"closed","ping_status":"open","template":"","meta":{"footnotes":""},"class_list":["post-2586","page","type-page","status-publish","hentry"],"_links":{"self":[{"href":"https:\/\/ambwood.com\/ca\/wp-json\/wp\/v2\/pages\/2586","targetHints":{"allow":["GET"]}}],"collection":[{"href":"https:\/\/ambwood.com\/ca\/wp-json\/wp\/v2\/pages"}],"about":[{"href":"https:\/\/ambwood.com\/ca\/wp-json\/wp\/v2\/types\/page"}],"author":[{"embeddable":true,"href":"https:\/\/ambwood.com\/ca\/wp-json\/wp\/v2\/users\/2"}],"replies":[{"embeddable":true,"href":"https:\/\/ambwood.com\/ca\/wp-json\/wp\/v2\/comments?post=2586"}],"version-history":[{"count":0,"href":"https:\/\/ambwood.com\/ca\/wp-json\/wp\/v2\/pages\/2586\/revisions"}],"wp:attachment":[{"href":"https:\/\/ambwood.com\/ca\/wp-json\/wp\/v2\/media?parent=2586"}],"curies":[{"name":"wp","href":"https:\/\/api.w.org\/{rel}","templated":true}]}}