{"id":2602,"date":"2021-11-04T14:11:14","date_gmt":"2021-11-04T14:11:14","guid":{"rendered":"https:\/\/ambwood.com\/guia-de-montaje\/"},"modified":"2022-02-04T08:40:31","modified_gmt":"2022-02-04T08:40:31","slug":"guia-de-muntatge","status":"publish","type":"page","link":"https:\/\/ambwood.com\/ca\/guia-de-muntatge\/","title":{"rendered":"Gu\u00eda de muntatge"},"content":{"rendered":"\t\t<div data-elementor-type=\"wp-page\" data-elementor-id=\"2602\" class=\"elementor elementor-2602 elementor-42\" data-elementor-post-type=\"page\">\n\t\t\t\t\t\t<section class=\"elementor-section elementor-top-section elementor-element elementor-element-6488e081 elementor-section-boxed elementor-section-height-default elementor-section-height-default\" data-id=\"6488e081\" data-element_type=\"section\" data-e-type=\"section\" data-settings=\"{&quot;background_background&quot;:&quot;classic&quot;}\">\n\t\t\t\t\t\t<div class=\"elementor-container elementor-column-gap-default\">\n\t\t\t\t\t<div class=\"elementor-column elementor-col-100 elementor-top-column elementor-element elementor-element-740ba7be\" data-id=\"740ba7be\" data-element_type=\"column\" data-e-type=\"column\">\n\t\t\t<div class=\"elementor-widget-wrap elementor-element-populated\">\n\t\t\t\t\t\t<div class=\"elementor-element elementor-element-2b2fa99 elementor-widget elementor-widget-heading\" data-id=\"2b2fa99\" data-element_type=\"widget\" data-e-type=\"widget\" data-widget_type=\"heading.default\">\n\t\t\t\t<div class=\"elementor-widget-container\">\n\t\t\t\t\t<h2 class=\"elementor-heading-title elementor-size-default\"><a href=\"https:\/\/ambwood.com\/ca\/guia-de-muntatge\/\">Guia de muntatge<\/a><\/h2>\t\t\t\t<\/div>\n\t\t\t\t<\/div>\n\t\t\t\t<div class=\"elementor-element elementor-element-93d4274 elementor-widget elementor-widget-heading\" data-id=\"93d4274\" data-element_type=\"widget\" data-e-type=\"widget\" data-widget_type=\"heading.default\">\n\t\t\t\t<div class=\"elementor-widget-container\">\n\t\t\t\t\t<h2 class=\"elementor-heading-title elementor-size-default\"><a href=\"https:\/\/ambwood.com\/ca\/guia-de-muntatge\/\">recomanacions i ajuts al muntatge<\/a><\/h2>\t\t\t\t<\/div>\n\t\t\t\t<\/div>\n\t\t\t\t<section class=\"elementor-section elementor-inner-section elementor-element elementor-element-bdb2870 elementor-section-boxed elementor-section-height-default elementor-section-height-default\" data-id=\"bdb2870\" data-element_type=\"section\" data-e-type=\"section\">\n\t\t\t\t\t\t<div class=\"elementor-container elementor-column-gap-default\">\n\t\t\t\t\t<div class=\"elementor-column elementor-col-50 elementor-inner-column elementor-element elementor-element-1bcd090\" data-id=\"1bcd090\" data-element_type=\"column\" data-e-type=\"column\">\n\t\t\t<div class=\"elementor-widget-wrap elementor-element-populated\">\n\t\t\t\t\t\t<div class=\"elementor-element elementor-element-0687513 elementor-widget elementor-widget-image\" data-id=\"0687513\" data-element_type=\"widget\" data-e-type=\"widget\" data-widget_type=\"image.default\">\n\t\t\t\t<div class=\"elementor-widget-container\">\n\t\t\t\t\t\t\t\t\t\t\t\t\t\t\t<img fetchpriority=\"high\" decoding=\"async\" width=\"800\" height=\"447\" src=\"https:\/\/ambwood.com\/wp-content\/uploads\/2022\/01\/BASTONETS-I-ALICATES.jpg\" class=\"attachment-large size-large wp-image-1979\" alt=\"\" srcset=\"https:\/\/ambwood.com\/wp-content\/uploads\/2022\/01\/BASTONETS-I-ALICATES.jpg 800w, https:\/\/ambwood.com\/wp-content\/uploads\/2022\/01\/BASTONETS-I-ALICATES-600x335.jpg 600w, https:\/\/ambwood.com\/wp-content\/uploads\/2022\/01\/BASTONETS-I-ALICATES-300x168.jpg 300w, https:\/\/ambwood.com\/wp-content\/uploads\/2022\/01\/BASTONETS-I-ALICATES-768x429.jpg 768w\" sizes=\"(max-width: 800px) 100vw, 800px\" \/>\t\t\t\t\t\t\t\t\t\t\t\t\t\t\t<\/div>\n\t\t\t\t<\/div>\n\t\t\t\t\t<\/div>\n\t\t<\/div>\n\t\t\t\t<div class=\"elementor-column elementor-col-50 elementor-inner-column elementor-element elementor-element-cb7be0d\" data-id=\"cb7be0d\" data-element_type=\"column\" data-e-type=\"column\">\n\t\t\t<div class=\"elementor-widget-wrap elementor-element-populated\">\n\t\t\t\t\t\t<div class=\"elementor-element elementor-element-21d48470 elementor-widget elementor-widget-text-editor\" data-id=\"21d48470\" data-element_type=\"widget\" data-e-type=\"widget\" data-widget_type=\"text-editor.default\">\n\t\t\t\t<div class=\"elementor-widget-container\">\n\t\t\t\t\t\t\t\t\t<p>Al fons de la caixa trobareu una o diverses bosses amb escuradents de fusta per a la uni\u00f3 de peces.<\/p><p>Recomanem utilitzar unes alicates de tall petites (no incloses) per tallar-les. En cas de no disposar, es pot utilitzar un c\u00fater amb cura.<\/p>\t\t\t\t\t\t\t\t<\/div>\n\t\t\t\t<\/div>\n\t\t\t\t\t<\/div>\n\t\t<\/div>\n\t\t\t\t\t<\/div>\n\t\t<\/section>\n\t\t\t\t<div class=\"elementor-element elementor-element-ce39d7c elementor-widget elementor-widget-heading\" data-id=\"ce39d7c\" data-element_type=\"widget\" data-e-type=\"widget\" data-widget_type=\"heading.default\">\n\t\t\t\t<div class=\"elementor-widget-container\">\n\t\t\t\t\t<h2 class=\"elementor-heading-title elementor-size-default\"><a href=\"https:\/\/ambwood.com\/ca\/guia-de-muntatge\/\">Com extreure les peces de les planxes de fusta<\/a><\/h2>\t\t\t\t<\/div>\n\t\t\t\t<\/div>\n\t\t\t\t<div class=\"elementor-element elementor-element-d0a34e8 elementor-widget elementor-widget-text-editor\" data-id=\"d0a34e8\" data-element_type=\"widget\" data-e-type=\"widget\" data-widget_type=\"text-editor.default\">\n\t\t\t\t<div class=\"elementor-widget-container\">\n\t\t\t\t\t\t\t\t\t<p>Les peces han estat dissenyades per facilitar-ne l&#8217;extracci\u00f3. Tot i aix\u00f2, algunes peces s\u00f3n delicades i requereixen especial atenci\u00f3. Aquestes estan indicades amb la icona <strong>PE\u00c7A FR\u00c0GIL<\/strong>.<\/p><p>Seguiu les indicacions sobre com extreure les peces en els v\u00eddeos seg\u00fcents.<\/p>\t\t\t\t\t\t\t\t<\/div>\n\t\t\t\t<\/div>\n\t\t\t\t<section class=\"elementor-section elementor-inner-section elementor-element elementor-element-5788e68 elementor-section-boxed elementor-section-height-default elementor-section-height-default\" data-id=\"5788e68\" data-element_type=\"section\" data-e-type=\"section\">\n\t\t\t\t\t\t<div class=\"elementor-container elementor-column-gap-default\">\n\t\t\t\t\t<div class=\"elementor-column elementor-col-50 elementor-inner-column elementor-element elementor-element-23f4dd6\" data-id=\"23f4dd6\" data-element_type=\"column\" data-e-type=\"column\">\n\t\t\t<div class=\"elementor-widget-wrap elementor-element-populated\">\n\t\t\t\t\t\t<div class=\"elementor-element elementor-element-e1e5972 elementor-widget elementor-widget-image\" data-id=\"e1e5972\" data-element_type=\"widget\" data-e-type=\"widget\" data-widget_type=\"image.default\">\n\t\t\t\t<div class=\"elementor-widget-container\">\n\t\t\t\t\t\t\t\t\t\t\t\t\t\t\t\t<a href=\"#elementor-action%3Aaction%3Dpopup%3Aopen%26settings%3DeyJpZCI6MzE4NSwidG9nZ2xlIjpmYWxzZX0%3D\">\n\t\t\t\t\t\t\t<img decoding=\"async\" width=\"800\" height=\"447\" src=\"https:\/\/ambwood.com\/wp-content\/uploads\/2022\/01\/com-extreure-pecees-BN.jpg\" class=\"attachment-large size-large wp-image-1982\" alt=\"\" srcset=\"https:\/\/ambwood.com\/wp-content\/uploads\/2022\/01\/com-extreure-pecees-BN.jpg 800w, https:\/\/ambwood.com\/wp-content\/uploads\/2022\/01\/com-extreure-pecees-BN-600x335.jpg 600w, https:\/\/ambwood.com\/wp-content\/uploads\/2022\/01\/com-extreure-pecees-BN-300x168.jpg 300w, https:\/\/ambwood.com\/wp-content\/uploads\/2022\/01\/com-extreure-pecees-BN-768x429.jpg 768w\" sizes=\"(max-width: 800px) 100vw, 800px\" \/>\t\t\t\t\t\t\t\t<\/a>\n\t\t\t\t\t\t\t\t\t\t\t\t\t\t\t<\/div>\n\t\t\t\t<\/div>\n\t\t\t\t\t<\/div>\n\t\t<\/div>\n\t\t\t\t<div class=\"elementor-column elementor-col-50 elementor-inner-column elementor-element elementor-element-d326102\" data-id=\"d326102\" data-element_type=\"column\" data-e-type=\"column\">\n\t\t\t<div class=\"elementor-widget-wrap elementor-element-populated\">\n\t\t\t\t\t\t<div class=\"elementor-element elementor-element-eedb928 elementor-widget elementor-widget-image\" data-id=\"eedb928\" data-element_type=\"widget\" data-e-type=\"widget\" data-widget_type=\"image.default\">\n\t\t\t\t<div class=\"elementor-widget-container\">\n\t\t\t\t\t\t\t\t\t\t\t\t\t\t\t<img decoding=\"async\" width=\"120\" height=\"120\" src=\"https:\/\/ambwood.com\/wp-content\/uploads\/2021\/12\/extraer-piezas.webp\" class=\"attachment-large size-large wp-image-782\" alt=\"\" srcset=\"https:\/\/ambwood.com\/wp-content\/uploads\/2021\/12\/extraer-piezas.webp 120w, https:\/\/ambwood.com\/wp-content\/uploads\/2021\/12\/extraer-piezas-100x100.webp 100w\" sizes=\"(max-width: 120px) 100vw, 120px\" \/>\t\t\t\t\t\t\t\t\t\t\t\t\t\t\t<\/div>\n\t\t\t\t<\/div>\n\t\t\t\t<div class=\"elementor-element elementor-element-43271b5 elementor-widget elementor-widget-text-editor\" data-id=\"43271b5\" data-element_type=\"widget\" data-e-type=\"widget\" data-widget_type=\"text-editor.default\">\n\t\t\t\t<div class=\"elementor-widget-container\">\n\t\t\t\t\t\t\t\t\t<p>Extreure peces<\/p>\t\t\t\t\t\t\t\t<\/div>\n\t\t\t\t<\/div>\n\t\t\t\t\t<\/div>\n\t\t<\/div>\n\t\t\t\t\t<\/div>\n\t\t<\/section>\n\t\t\t\t<section class=\"elementor-section elementor-inner-section elementor-element elementor-element-e1e7f98 elementor-section-boxed elementor-section-height-default elementor-section-height-default\" data-id=\"e1e7f98\" data-element_type=\"section\" data-e-type=\"section\">\n\t\t\t\t\t\t<div class=\"elementor-container elementor-column-gap-default\">\n\t\t\t\t\t<div class=\"elementor-column elementor-col-50 elementor-inner-column elementor-element elementor-element-ed724a7\" data-id=\"ed724a7\" data-element_type=\"column\" data-e-type=\"column\">\n\t\t\t<div class=\"elementor-widget-wrap elementor-element-populated\">\n\t\t\t\t\t\t<div class=\"elementor-element elementor-element-bd86fd6 elementor-widget elementor-widget-image\" data-id=\"bd86fd6\" data-element_type=\"widget\" data-e-type=\"widget\" data-widget_type=\"image.default\">\n\t\t\t\t<div class=\"elementor-widget-container\">\n\t\t\t\t\t\t\t\t\t\t\t\t\t\t\t\t<a href=\"#elementor-action%3Aaction%3Dpopup%3Aopen%26settings%3DeyJpZCI6MzE4NCwidG9nZ2xlIjpmYWxzZX0%3D\">\n\t\t\t\t\t\t\t<img loading=\"lazy\" decoding=\"async\" width=\"800\" height=\"447\" src=\"https:\/\/ambwood.com\/wp-content\/uploads\/2022\/01\/com-extreure-pecees-fagils-BN.jpg\" class=\"attachment-large size-large wp-image-1985\" alt=\"\" srcset=\"https:\/\/ambwood.com\/wp-content\/uploads\/2022\/01\/com-extreure-pecees-fagils-BN.jpg 800w, https:\/\/ambwood.com\/wp-content\/uploads\/2022\/01\/com-extreure-pecees-fagils-BN-600x335.jpg 600w, https:\/\/ambwood.com\/wp-content\/uploads\/2022\/01\/com-extreure-pecees-fagils-BN-300x168.jpg 300w, https:\/\/ambwood.com\/wp-content\/uploads\/2022\/01\/com-extreure-pecees-fagils-BN-768x429.jpg 768w\" sizes=\"(max-width: 800px) 100vw, 800px\" \/>\t\t\t\t\t\t\t\t<\/a>\n\t\t\t\t\t\t\t\t\t\t\t\t\t\t\t<\/div>\n\t\t\t\t<\/div>\n\t\t\t\t\t<\/div>\n\t\t<\/div>\n\t\t\t\t<div class=\"elementor-column elementor-col-50 elementor-inner-column elementor-element elementor-element-64c6f06\" data-id=\"64c6f06\" data-element_type=\"column\" data-e-type=\"column\">\n\t\t\t<div class=\"elementor-widget-wrap elementor-element-populated\">\n\t\t\t\t\t\t<div class=\"elementor-element elementor-element-c0fe830 elementor-widget elementor-widget-image\" data-id=\"c0fe830\" data-element_type=\"widget\" data-e-type=\"widget\" data-widget_type=\"image.default\">\n\t\t\t\t<div class=\"elementor-widget-container\">\n\t\t\t\t\t\t\t\t\t\t\t\t\t\t\t<img loading=\"lazy\" decoding=\"async\" width=\"120\" height=\"119\" src=\"https:\/\/ambwood.com\/wp-content\/uploads\/2021\/12\/pieza-fragil.webp\" class=\"attachment-large size-large wp-image-785\" alt=\"\" srcset=\"https:\/\/ambwood.com\/wp-content\/uploads\/2021\/12\/pieza-fragil.webp 120w, https:\/\/ambwood.com\/wp-content\/uploads\/2021\/12\/pieza-fragil-100x100.webp 100w\" sizes=\"(max-width: 120px) 100vw, 120px\" \/>\t\t\t\t\t\t\t\t\t\t\t\t\t\t\t<\/div>\n\t\t\t\t<\/div>\n\t\t\t\t<div class=\"elementor-element elementor-element-88fef4a elementor-widget elementor-widget-text-editor\" data-id=\"88fef4a\" data-element_type=\"widget\" data-e-type=\"widget\" data-widget_type=\"text-editor.default\">\n\t\t\t\t<div class=\"elementor-widget-container\">\n\t\t\t\t\t\t\t\t\t<p>Extreure peces FR\u00c0GILS<\/p>\t\t\t\t\t\t\t\t<\/div>\n\t\t\t\t<\/div>\n\t\t\t\t<div class=\"elementor-element elementor-element-a06805b elementor-widget elementor-widget-text-editor\" data-id=\"a06805b\" data-element_type=\"widget\" data-e-type=\"widget\" data-widget_type=\"text-editor.default\">\n\t\t\t\t<div class=\"elementor-widget-container\">\n\t\t\t\t\t\t\t\t\t<p><strong>NO FOR\u00c7AR MAI<\/strong> les peces flexibles per evitar-ne el trencament.<\/p>\t\t\t\t\t\t\t\t<\/div>\n\t\t\t\t<\/div>\n\t\t\t\t\t<\/div>\n\t\t<\/div>\n\t\t\t\t\t<\/div>\n\t\t<\/section>\n\t\t\t\t<div class=\"elementor-element elementor-element-f9b67b7 elementor-widget elementor-widget-heading\" data-id=\"f9b67b7\" data-element_type=\"widget\" data-e-type=\"widget\" data-widget_type=\"heading.default\">\n\t\t\t\t<div class=\"elementor-widget-container\">\n\t\t\t\t\t<h2 class=\"elementor-heading-title elementor-size-default\"><a href=\"https:\/\/ambwood.com\/ca\/guia-de-muntatge\/\">Tipus d'unions amb escuradents<\/a><\/h2>\t\t\t\t<\/div>\n\t\t\t\t<\/div>\n\t\t\t\t<div class=\"elementor-element elementor-element-d6a75ff elementor-widget elementor-widget-text-editor\" data-id=\"d6a75ff\" data-element_type=\"widget\" data-e-type=\"widget\" data-widget_type=\"text-editor.default\">\n\t\t\t\t<div class=\"elementor-widget-container\">\n\t\t\t\t\t\t\t\t\t<p class=\"font_8\">Hi ha tres tipus d&#8217;uni\u00f3: seguiu les indicacions de les icones als v\u00eddeos seg\u00fcents.<\/p>\t\t\t\t\t\t\t\t<\/div>\n\t\t\t\t<\/div>\n\t\t\t\t<section class=\"elementor-section elementor-inner-section elementor-element elementor-element-38aaec7 elementor-section-boxed elementor-section-height-default elementor-section-height-default\" data-id=\"38aaec7\" data-element_type=\"section\" data-e-type=\"section\">\n\t\t\t\t\t\t<div class=\"elementor-container elementor-column-gap-default\">\n\t\t\t\t\t<div class=\"elementor-column elementor-col-50 elementor-inner-column elementor-element elementor-element-1bc5d97\" data-id=\"1bc5d97\" data-element_type=\"column\" data-e-type=\"column\">\n\t\t\t<div class=\"elementor-widget-wrap elementor-element-populated\">\n\t\t\t\t\t\t<div class=\"elementor-element elementor-element-72cecca elementor-widget elementor-widget-image\" data-id=\"72cecca\" data-element_type=\"widget\" data-e-type=\"widget\" data-widget_type=\"image.default\">\n\t\t\t\t<div class=\"elementor-widget-container\">\n\t\t\t\t\t\t\t\t\t\t\t\t\t\t\t\t<a href=\"#elementor-action%3Aaction%3Dpopup%3Aopen%26settings%3DeyJpZCI6MzE4OCwidG9nZ2xlIjpmYWxzZX0%3D\">\n\t\t\t\t\t\t\t<img loading=\"lazy\" decoding=\"async\" width=\"800\" height=\"447\" src=\"https:\/\/ambwood.com\/wp-content\/uploads\/2022\/01\/tallar-nomes-baix-BN.jpg\" class=\"attachment-large size-large wp-image-1991\" alt=\"\" srcset=\"https:\/\/ambwood.com\/wp-content\/uploads\/2022\/01\/tallar-nomes-baix-BN.jpg 800w, https:\/\/ambwood.com\/wp-content\/uploads\/2022\/01\/tallar-nomes-baix-BN-600x335.jpg 600w, https:\/\/ambwood.com\/wp-content\/uploads\/2022\/01\/tallar-nomes-baix-BN-300x168.jpg 300w, https:\/\/ambwood.com\/wp-content\/uploads\/2022\/01\/tallar-nomes-baix-BN-768x429.jpg 768w\" sizes=\"(max-width: 800px) 100vw, 800px\" \/>\t\t\t\t\t\t\t\t<\/a>\n\t\t\t\t\t\t\t\t\t\t\t\t\t\t\t<\/div>\n\t\t\t\t<\/div>\n\t\t\t\t\t<\/div>\n\t\t<\/div>\n\t\t\t\t<div class=\"elementor-column elementor-col-50 elementor-inner-column elementor-element elementor-element-ce3b854\" data-id=\"ce3b854\" data-element_type=\"column\" data-e-type=\"column\">\n\t\t\t<div class=\"elementor-widget-wrap elementor-element-populated\">\n\t\t\t\t\t\t<div class=\"elementor-element elementor-element-b29c021 elementor-widget elementor-widget-image\" data-id=\"b29c021\" data-element_type=\"widget\" data-e-type=\"widget\" data-widget_type=\"image.default\">\n\t\t\t\t<div class=\"elementor-widget-container\">\n\t\t\t\t\t\t\t\t\t\t\t\t\t\t\t<img loading=\"lazy\" decoding=\"async\" width=\"120\" height=\"120\" src=\"https:\/\/ambwood.com\/wp-content\/uploads\/2021\/12\/tipo-a.webp\" class=\"attachment-large size-large wp-image-773\" alt=\"\" srcset=\"https:\/\/ambwood.com\/wp-content\/uploads\/2021\/12\/tipo-a.webp 120w, https:\/\/ambwood.com\/wp-content\/uploads\/2021\/12\/tipo-a-100x100.webp 100w\" sizes=\"(max-width: 120px) 100vw, 120px\" \/>\t\t\t\t\t\t\t\t\t\t\t\t\t\t\t<\/div>\n\t\t\t\t<\/div>\n\t\t\t\t<div class=\"elementor-element elementor-element-a9d003a elementor-widget elementor-widget-text-editor\" data-id=\"a9d003a\" data-element_type=\"widget\" data-e-type=\"widget\" data-widget_type=\"text-editor.default\">\n\t\t\t\t<div class=\"elementor-widget-container\">\n\t\t\t\t\t\t\t\t\t<p>Uni\u00f3 tipus A<\/p>\t\t\t\t\t\t\t\t<\/div>\n\t\t\t\t<\/div>\n\t\t\t\t<div class=\"elementor-element elementor-element-eac42de elementor-widget elementor-widget-text-editor\" data-id=\"eac42de\" data-element_type=\"widget\" data-e-type=\"widget\" data-widget_type=\"text-editor.default\">\n\t\t\t\t<div class=\"elementor-widget-container\">\n\t\t\t\t\t\t\t\t\t<p>Talleu nom\u00e9s l&#8217;extrem inferior<\/p>\t\t\t\t\t\t\t\t<\/div>\n\t\t\t\t<\/div>\n\t\t\t\t\t<\/div>\n\t\t<\/div>\n\t\t\t\t\t<\/div>\n\t\t<\/section>\n\t\t\t\t<section class=\"elementor-section elementor-inner-section elementor-element elementor-element-7d74295 elementor-section-boxed elementor-section-height-default elementor-section-height-default\" data-id=\"7d74295\" data-element_type=\"section\" data-e-type=\"section\">\n\t\t\t\t\t\t<div class=\"elementor-container elementor-column-gap-default\">\n\t\t\t\t\t<div class=\"elementor-column elementor-col-50 elementor-inner-column elementor-element elementor-element-5d1b642\" data-id=\"5d1b642\" data-element_type=\"column\" data-e-type=\"column\">\n\t\t\t<div class=\"elementor-widget-wrap elementor-element-populated\">\n\t\t\t\t\t\t<div class=\"elementor-element elementor-element-75ca22a elementor-widget elementor-widget-image\" data-id=\"75ca22a\" data-element_type=\"widget\" data-e-type=\"widget\" data-widget_type=\"image.default\">\n\t\t\t\t<div class=\"elementor-widget-container\">\n\t\t\t\t\t\t\t\t\t\t\t\t\t\t\t\t<a href=\"#elementor-action%3Aaction%3Dpopup%3Aopen%26settings%3DeyJpZCI6MzE4NywidG9nZ2xlIjpmYWxzZX0%3D\">\n\t\t\t\t\t\t\t<img loading=\"lazy\" decoding=\"async\" width=\"800\" height=\"447\" src=\"https:\/\/ambwood.com\/wp-content\/uploads\/2022\/01\/tallar-nomes-dalt-BN.jpg\" class=\"attachment-large size-large wp-image-1994\" alt=\"\" srcset=\"https:\/\/ambwood.com\/wp-content\/uploads\/2022\/01\/tallar-nomes-dalt-BN.jpg 800w, https:\/\/ambwood.com\/wp-content\/uploads\/2022\/01\/tallar-nomes-dalt-BN-600x335.jpg 600w, https:\/\/ambwood.com\/wp-content\/uploads\/2022\/01\/tallar-nomes-dalt-BN-300x168.jpg 300w, https:\/\/ambwood.com\/wp-content\/uploads\/2022\/01\/tallar-nomes-dalt-BN-768x429.jpg 768w\" sizes=\"(max-width: 800px) 100vw, 800px\" \/>\t\t\t\t\t\t\t\t<\/a>\n\t\t\t\t\t\t\t\t\t\t\t\t\t\t\t<\/div>\n\t\t\t\t<\/div>\n\t\t\t\t\t<\/div>\n\t\t<\/div>\n\t\t\t\t<div class=\"elementor-column elementor-col-50 elementor-inner-column elementor-element elementor-element-9e84816\" data-id=\"9e84816\" data-element_type=\"column\" data-e-type=\"column\">\n\t\t\t<div class=\"elementor-widget-wrap elementor-element-populated\">\n\t\t\t\t\t\t<div class=\"elementor-element elementor-element-0b883bc elementor-widget elementor-widget-image\" data-id=\"0b883bc\" data-element_type=\"widget\" data-e-type=\"widget\" data-widget_type=\"image.default\">\n\t\t\t\t<div class=\"elementor-widget-container\">\n\t\t\t\t\t\t\t\t\t\t\t\t\t\t\t<img loading=\"lazy\" decoding=\"async\" width=\"120\" height=\"119\" src=\"https:\/\/ambwood.com\/wp-content\/uploads\/2021\/12\/tipo-b.webp\" class=\"attachment-large size-large wp-image-776\" alt=\"\" srcset=\"https:\/\/ambwood.com\/wp-content\/uploads\/2021\/12\/tipo-b.webp 120w, https:\/\/ambwood.com\/wp-content\/uploads\/2021\/12\/tipo-b-100x100.webp 100w\" sizes=\"(max-width: 120px) 100vw, 120px\" \/>\t\t\t\t\t\t\t\t\t\t\t\t\t\t\t<\/div>\n\t\t\t\t<\/div>\n\t\t\t\t<div class=\"elementor-element elementor-element-06a8c32 elementor-widget elementor-widget-text-editor\" data-id=\"06a8c32\" data-element_type=\"widget\" data-e-type=\"widget\" data-widget_type=\"text-editor.default\">\n\t\t\t\t<div class=\"elementor-widget-container\">\n\t\t\t\t\t\t\t\t\t<p>Uni\u00f3 tipus B<\/p>\t\t\t\t\t\t\t\t<\/div>\n\t\t\t\t<\/div>\n\t\t\t\t<div class=\"elementor-element elementor-element-a2e3a55 elementor-widget elementor-widget-text-editor\" data-id=\"a2e3a55\" data-element_type=\"widget\" data-e-type=\"widget\" data-widget_type=\"text-editor.default\">\n\t\t\t\t<div class=\"elementor-widget-container\">\n\t\t\t\t\t\t\t\t\t<p>Talleu nom\u00e9s l&#8217;extrem superior<\/p>\t\t\t\t\t\t\t\t<\/div>\n\t\t\t\t<\/div>\n\t\t\t\t\t<\/div>\n\t\t<\/div>\n\t\t\t\t\t<\/div>\n\t\t<\/section>\n\t\t\t\t<section class=\"elementor-section elementor-inner-section elementor-element elementor-element-a3e1019 elementor-section-boxed elementor-section-height-default elementor-section-height-default\" data-id=\"a3e1019\" data-element_type=\"section\" data-e-type=\"section\">\n\t\t\t\t\t\t<div class=\"elementor-container elementor-column-gap-default\">\n\t\t\t\t\t<div class=\"elementor-column elementor-col-50 elementor-inner-column elementor-element elementor-element-21b5f88\" data-id=\"21b5f88\" data-element_type=\"column\" data-e-type=\"column\">\n\t\t\t<div class=\"elementor-widget-wrap elementor-element-populated\">\n\t\t\t\t\t\t<div class=\"elementor-element elementor-element-09f1231 elementor-widget elementor-widget-image\" data-id=\"09f1231\" data-element_type=\"widget\" data-e-type=\"widget\" data-widget_type=\"image.default\">\n\t\t\t\t<div class=\"elementor-widget-container\">\n\t\t\t\t\t\t\t\t\t\t\t\t\t\t\t\t<a href=\"#elementor-action%3Aaction%3Dpopup%3Aopen%26settings%3DeyJpZCI6MzE4NiwidG9nZ2xlIjpmYWxzZX0%3D\">\n\t\t\t\t\t\t\t<img loading=\"lazy\" decoding=\"async\" width=\"800\" height=\"447\" src=\"https:\/\/ambwood.com\/wp-content\/uploads\/2022\/01\/tallar-ambdos-palillos-BN.jpg\" class=\"attachment-large size-large wp-image-1988\" alt=\"\" srcset=\"https:\/\/ambwood.com\/wp-content\/uploads\/2022\/01\/tallar-ambdos-palillos-BN.jpg 800w, https:\/\/ambwood.com\/wp-content\/uploads\/2022\/01\/tallar-ambdos-palillos-BN-600x335.jpg 600w, https:\/\/ambwood.com\/wp-content\/uploads\/2022\/01\/tallar-ambdos-palillos-BN-300x168.jpg 300w, https:\/\/ambwood.com\/wp-content\/uploads\/2022\/01\/tallar-ambdos-palillos-BN-768x429.jpg 768w\" sizes=\"(max-width: 800px) 100vw, 800px\" \/>\t\t\t\t\t\t\t\t<\/a>\n\t\t\t\t\t\t\t\t\t\t\t\t\t\t\t<\/div>\n\t\t\t\t<\/div>\n\t\t\t\t\t<\/div>\n\t\t<\/div>\n\t\t\t\t<div class=\"elementor-column elementor-col-50 elementor-inner-column elementor-element elementor-element-be9a892\" data-id=\"be9a892\" data-element_type=\"column\" data-e-type=\"column\">\n\t\t\t<div class=\"elementor-widget-wrap elementor-element-populated\">\n\t\t\t\t\t\t<div class=\"elementor-element elementor-element-3edcd51 elementor-widget elementor-widget-image\" data-id=\"3edcd51\" data-element_type=\"widget\" data-e-type=\"widget\" data-widget_type=\"image.default\">\n\t\t\t\t<div class=\"elementor-widget-container\">\n\t\t\t\t\t\t\t\t\t\t\t\t\t\t\t<img loading=\"lazy\" decoding=\"async\" width=\"120\" height=\"119\" src=\"https:\/\/ambwood.com\/wp-content\/uploads\/2021\/12\/tipo-c.webp\" class=\"attachment-large size-large wp-image-779\" alt=\"\" srcset=\"https:\/\/ambwood.com\/wp-content\/uploads\/2021\/12\/tipo-c.webp 120w, https:\/\/ambwood.com\/wp-content\/uploads\/2021\/12\/tipo-c-100x100.webp 100w\" sizes=\"(max-width: 120px) 100vw, 120px\" \/>\t\t\t\t\t\t\t\t\t\t\t\t\t\t\t<\/div>\n\t\t\t\t<\/div>\n\t\t\t\t<div class=\"elementor-element elementor-element-8671200 elementor-widget elementor-widget-text-editor\" data-id=\"8671200\" data-element_type=\"widget\" data-e-type=\"widget\" data-widget_type=\"text-editor.default\">\n\t\t\t\t<div class=\"elementor-widget-container\">\n\t\t\t\t\t\t\t\t\t<p>Uni\u00f3 tipus C<\/p>\t\t\t\t\t\t\t\t<\/div>\n\t\t\t\t<\/div>\n\t\t\t\t<div class=\"elementor-element elementor-element-53b78fd elementor-widget elementor-widget-text-editor\" data-id=\"53b78fd\" data-element_type=\"widget\" data-e-type=\"widget\" data-widget_type=\"text-editor.default\">\n\t\t\t\t<div class=\"elementor-widget-container\">\n\t\t\t\t\t\t\t\t\t<p>Tallar ambd\u00f3s extrems<\/p>\t\t\t\t\t\t\t\t<\/div>\n\t\t\t\t<\/div>\n\t\t\t\t\t<\/div>\n\t\t<\/div>\n\t\t\t\t\t<\/div>\n\t\t<\/section>\n\t\t\t\t\t<\/div>\n\t\t<\/div>\n\t\t\t\t\t<\/div>\n\t\t<\/section>\n\t\t\t\t<\/div>\n\t\t","protected":false},"excerpt":{"rendered":"<p>Guia de muntatge recomanacions i ajuts al muntatge Al fons de la caixa trobareu una o diverses bosses amb escuradents de fusta per a la uni\u00f3 de peces. Recomanem utilitzar unes alicates de tall petites (no incloses) per tallar-les. En cas de no disposar, es pot utilitzar un c\u00fater amb cura. Com extreure les peces [&hellip;]<\/p>\n","protected":false},"author":2,"featured_media":0,"parent":0,"menu_order":0,"comment_status":"closed","ping_status":"closed","template":"","meta":{"footnotes":""},"class_list":["post-2602","page","type-page","status-publish","hentry"],"_links":{"self":[{"href":"https:\/\/ambwood.com\/ca\/wp-json\/wp\/v2\/pages\/2602","targetHints":{"allow":["GET"]}}],"collection":[{"href":"https:\/\/ambwood.com\/ca\/wp-json\/wp\/v2\/pages"}],"about":[{"href":"https:\/\/ambwood.com\/ca\/wp-json\/wp\/v2\/types\/page"}],"author":[{"embeddable":true,"href":"https:\/\/ambwood.com\/ca\/wp-json\/wp\/v2\/users\/2"}],"replies":[{"embeddable":true,"href":"https:\/\/ambwood.com\/ca\/wp-json\/wp\/v2\/comments?post=2602"}],"version-history":[{"count":0,"href":"https:\/\/ambwood.com\/ca\/wp-json\/wp\/v2\/pages\/2602\/revisions"}],"wp:attachment":[{"href":"https:\/\/ambwood.com\/ca\/wp-json\/wp\/v2\/media?parent=2602"}],"curies":[{"name":"wp","href":"https:\/\/api.w.org\/{rel}","templated":true}]}}