{"id":2533,"date":"2021-11-28T14:05:41","date_gmt":"2022-01-31T07:01:12","guid":{"rendered":"https:\/\/ambwood.com\/maquetas\/catedral-de-barcelona\/"},"modified":"2024-11-20T08:03:34","modified_gmt":"2024-11-20T08:03:34","slug":"catedral-de-barcelona-2","status":"publish","type":"product","link":"https:\/\/ambwood.com\/ca\/producte\/catedral-de-barcelona-2\/","title":{"rendered":"Catedral de Barcelona"},"content":{"rendered":"<p><strong>La Catedral de Barcelona<\/strong>, amb la seva majestuosa fa\u00e7ana, \u00e9s el centre del barri g\u00f2tic i un dels llocs m\u00e9s emblem\u00e0tics de la ciutat. Envoltada de carrers plens d\u2019hist\u00f2ria i racons amb encant, aquest monument destaca com un s\u00edmbol de la riquesa cultural i arquitect\u00f2nica de Barcelona.<\/p>\n<p>Aquesta maqueta recrea amb precisi\u00f3 la imponent bellesa de la Catedral de Barcelona, perfecta per a aquells que volen gaudir a casa d\u2019un fragment de la seva hist\u00f2ria i del seu inconfusible estil g\u00f2tic.<\/p>\n","protected":false},"excerpt":{"rendered":"<p>Un emblema del g\u00f2tic al cor de Barcelona<\/p>\n","protected":false},"featured_media":1934,"template":"","meta":[],"product_brand":[],"product_cat":[46],"product_tag":[47],"class_list":{"0":"post-2533","1":"product","2":"type-product","3":"status-publish","4":"has-post-thumbnail","6":"product_cat-maquetes","7":"product_tag-izquierda-ca","9":"first","10":"instock","11":"taxable","12":"shipping-taxable","13":"purchasable","14":"product-type-simple"},"_links":{"self":[{"href":"https:\/\/ambwood.com\/ca\/wp-json\/wp\/v2\/product\/2533","targetHints":{"allow":["GET"]}}],"collection":[{"href":"https:\/\/ambwood.com\/ca\/wp-json\/wp\/v2\/product"}],"about":[{"href":"https:\/\/ambwood.com\/ca\/wp-json\/wp\/v2\/types\/product"}],"wp:featuredmedia":[{"embeddable":true,"href":"https:\/\/ambwood.com\/ca\/wp-json\/wp\/v2\/media\/1934"}],"wp:attachment":[{"href":"https:\/\/ambwood.com\/ca\/wp-json\/wp\/v2\/media?parent=2533"}],"wp:term":[{"taxonomy":"product_brand","embeddable":true,"href":"https:\/\/ambwood.com\/ca\/wp-json\/wp\/v2\/product_brand?post=2533"},{"taxonomy":"product_cat","embeddable":true,"href":"https:\/\/ambwood.com\/ca\/wp-json\/wp\/v2\/product_cat?post=2533"},{"taxonomy":"product_tag","embeddable":true,"href":"https:\/\/ambwood.com\/ca\/wp-json\/wp\/v2\/product_tag?post=2533"}],"curies":[{"name":"wp","href":"https:\/\/api.w.org\/{rel}","templated":true}]}}