{"id":2535,"date":"2021-12-12T08:37:47","date_gmt":"2022-01-31T07:03:20","guid":{"rendered":"https:\/\/ambwood.com\/maquetas\/facana-de-la-catedral-de-barcelona\/"},"modified":"2024-11-20T08:29:20","modified_gmt":"2024-11-20T08:29:20","slug":"fachada-de-la-catedral-de-barcelona-2","status":"publish","type":"product","link":"https:\/\/ambwood.com\/ca\/producte\/fachada-de-la-catedral-de-barcelona-2\/","title":{"rendered":"Catedral de Barcelona Fa\u00e7ana"},"content":{"rendered":"<p>Presideix la gran pla\u00e7a, la <strong>Catedral de Barcelona<\/strong> \u00e9s una de les joies del barri g\u00f2tic, envoltada de racons rom\u00e0ntics i plens d\u2019hist\u00f2ria. La seva impressionant fa\u00e7ana g\u00f2tica i la seva particular bellesa l\u2019han convertida en un dels s\u00edmbols m\u00e9s reconeixibles d\u2019aquesta vibrant ciutat.<\/p>\n<p>Aquesta maqueta captura l\u2019ess\u00e8ncia de la Catedral de Barcelona, permetent-te apreciar en detall la seva emblem\u00e0tica fa\u00e7ana i el seu caracter\u00edstic estil g\u00f2tic. Un cop muntada, es converteix en una pe\u00e7a decorativa ideal per a aquells que valoren la riquesa hist\u00f2rica de Barcelona.<\/p>\n","protected":false},"excerpt":{"rendered":"<p>Un emblema del g\u00f2tic al cor de Barcelona<\/p>\n","protected":false},"featured_media":1288,"template":"","meta":[],"product_brand":[],"product_cat":[46],"product_tag":[47],"class_list":{"0":"post-2535","1":"product","2":"type-product","3":"status-publish","4":"has-post-thumbnail","6":"product_cat-maquetes","7":"product_tag-izquierda-ca","9":"first","10":"instock","11":"taxable","12":"shipping-taxable","13":"purchasable","14":"product-type-simple"},"_links":{"self":[{"href":"https:\/\/ambwood.com\/ca\/wp-json\/wp\/v2\/product\/2535","targetHints":{"allow":["GET"]}}],"collection":[{"href":"https:\/\/ambwood.com\/ca\/wp-json\/wp\/v2\/product"}],"about":[{"href":"https:\/\/ambwood.com\/ca\/wp-json\/wp\/v2\/types\/product"}],"wp:featuredmedia":[{"embeddable":true,"href":"https:\/\/ambwood.com\/ca\/wp-json\/wp\/v2\/media\/1288"}],"wp:attachment":[{"href":"https:\/\/ambwood.com\/ca\/wp-json\/wp\/v2\/media?parent=2535"}],"wp:term":[{"taxonomy":"product_brand","embeddable":true,"href":"https:\/\/ambwood.com\/ca\/wp-json\/wp\/v2\/product_brand?post=2535"},{"taxonomy":"product_cat","embeddable":true,"href":"https:\/\/ambwood.com\/ca\/wp-json\/wp\/v2\/product_cat?post=2535"},{"taxonomy":"product_tag","embeddable":true,"href":"https:\/\/ambwood.com\/ca\/wp-json\/wp\/v2\/product_tag?post=2535"}],"curies":[{"name":"wp","href":"https:\/\/api.w.org\/{rel}","templated":true}]}}