{"id":2537,"date":"2021-12-04T11:43:11","date_gmt":"2022-01-31T07:05:10","guid":{"rendered":"https:\/\/ambwood.com\/maquetas\/pont-de-ferro-de-girona\/"},"modified":"2024-11-20T08:05:05","modified_gmt":"2024-11-20T08:05:05","slug":"pont-de-ferro-de-girona","status":"publish","type":"product","link":"https:\/\/ambwood.com\/ca\/producte\/pont-de-ferro-de-girona\/","title":{"rendered":"Pont de Ferro de Girona"},"content":{"rendered":"<p>Dissenyat per Gustave Eiffel abans de la seva ic\u00f2nica torre, el <strong>Pont de Ferro<\/strong> s\u2019ha convertit en un dels ponts m\u00e9s emblem\u00e0tics de Girona. El seu vibrant color vermell i la seva estructura \u00fanica ofereixen vistes inoblidables: la catedral a l\u2019horitz\u00f3 i les cases de colors del riu Onyar com a tel\u00f3 de fons. \u00c9s un indret imprescindible per a aquells que volen capturar la m\u00e0gia de la ciutat.<\/p>\n<p>Aquesta maqueta reprodueix amb detall l\u2019encant del Pont de Ferro, perfecta com a pe\u00e7a decorativa per als amants de l\u2019arquitectura d\u2019Eiffel i de l\u2019ess\u00e8ncia \u00fanica de Girona.<\/p>\n","protected":false},"excerpt":{"rendered":"<p>La passarel\u00b7la vermella d&#8217;Eiffel<\/p>\n","protected":false},"featured_media":3452,"template":"","meta":[],"product_brand":[],"product_cat":[46],"product_tag":[47],"class_list":{"0":"post-2537","1":"product","2":"type-product","3":"status-publish","4":"has-post-thumbnail","6":"product_cat-maquetes","7":"product_tag-izquierda-ca","9":"first","10":"instock","11":"taxable","12":"shipping-taxable","13":"purchasable","14":"product-type-simple"},"_links":{"self":[{"href":"https:\/\/ambwood.com\/ca\/wp-json\/wp\/v2\/product\/2537","targetHints":{"allow":["GET"]}}],"collection":[{"href":"https:\/\/ambwood.com\/ca\/wp-json\/wp\/v2\/product"}],"about":[{"href":"https:\/\/ambwood.com\/ca\/wp-json\/wp\/v2\/types\/product"}],"wp:featuredmedia":[{"embeddable":true,"href":"https:\/\/ambwood.com\/ca\/wp-json\/wp\/v2\/media\/3452"}],"wp:attachment":[{"href":"https:\/\/ambwood.com\/ca\/wp-json\/wp\/v2\/media?parent=2537"}],"wp:term":[{"taxonomy":"product_brand","embeddable":true,"href":"https:\/\/ambwood.com\/ca\/wp-json\/wp\/v2\/product_brand?post=2537"},{"taxonomy":"product_cat","embeddable":true,"href":"https:\/\/ambwood.com\/ca\/wp-json\/wp\/v2\/product_cat?post=2537"},{"taxonomy":"product_tag","embeddable":true,"href":"https:\/\/ambwood.com\/ca\/wp-json\/wp\/v2\/product_tag?post=2537"}],"curies":[{"name":"wp","href":"https:\/\/api.w.org\/{rel}","templated":true}]}}