{"id":2539,"date":"2021-12-04T11:43:26","date_gmt":"2022-01-31T07:07:04","guid":{"rendered":"https:\/\/ambwood.com\/maquetas\/catedral-de-girona\/"},"modified":"2024-11-20T08:27:56","modified_gmt":"2024-11-20T08:27:56","slug":"catedral-de-girona","status":"publish","type":"product","link":"https:\/\/ambwood.com\/ca\/producte\/catedral-de-girona\/","title":{"rendered":"Catedral de Girona"},"content":{"rendered":"<p><strong>La Catedral de Girona<\/strong> \u00e9s un s\u00edmbol inconfusible, coneguda per tenir la nau g\u00f2tica m\u00e9s ampla del m\u00f3n, un aut\u00e8ntic \u00e8xit arquitect\u00f2nic. Amb m\u00e9s de 1.000 anys d\u2019hist\u00f2ria, el seu imponent disseny i la seva aparici\u00f3 a la s\u00e8rie <em>Joc de Trons<\/em> la converteixen en una destinaci\u00f3 imprescindible per a visitants d\u2019arreu.<\/p>\n<p>Aquesta maqueta reprodueix fidelment la grandesa de la Catedral de Girona, ideal per a aquells que volen portar a casa un s\u00edmbol de la seva hist\u00f2ria i de la seva arquitectura incomparable.<\/p>\n","protected":false},"excerpt":{"rendered":"<p>La catedral que bat r\u00e8cords i captiva Girona<\/p>\n","protected":false},"featured_media":1618,"template":"","meta":[],"product_brand":[],"product_cat":[46],"product_tag":[48],"class_list":{"0":"post-2539","1":"product","2":"type-product","3":"status-publish","4":"has-post-thumbnail","6":"product_cat-maquetes","7":"product_tag-derecha-ca","9":"first","10":"instock","11":"taxable","12":"shipping-taxable","13":"purchasable","14":"product-type-simple"},"_links":{"self":[{"href":"https:\/\/ambwood.com\/ca\/wp-json\/wp\/v2\/product\/2539","targetHints":{"allow":["GET"]}}],"collection":[{"href":"https:\/\/ambwood.com\/ca\/wp-json\/wp\/v2\/product"}],"about":[{"href":"https:\/\/ambwood.com\/ca\/wp-json\/wp\/v2\/types\/product"}],"wp:featuredmedia":[{"embeddable":true,"href":"https:\/\/ambwood.com\/ca\/wp-json\/wp\/v2\/media\/1618"}],"wp:attachment":[{"href":"https:\/\/ambwood.com\/ca\/wp-json\/wp\/v2\/media?parent=2539"}],"wp:term":[{"taxonomy":"product_brand","embeddable":true,"href":"https:\/\/ambwood.com\/ca\/wp-json\/wp\/v2\/product_brand?post=2539"},{"taxonomy":"product_cat","embeddable":true,"href":"https:\/\/ambwood.com\/ca\/wp-json\/wp\/v2\/product_cat?post=2539"},{"taxonomy":"product_tag","embeddable":true,"href":"https:\/\/ambwood.com\/ca\/wp-json\/wp\/v2\/product_tag?post=2539"}],"curies":[{"name":"wp","href":"https:\/\/api.w.org\/{rel}","templated":true}]}}