{"id":2541,"date":"2021-12-04T11:43:22","date_gmt":"2022-01-31T07:08:44","guid":{"rendered":"https:\/\/ambwood.com\/maquetas\/basilica-de-sant-feliu-de-girona\/"},"modified":"2025-05-01T07:18:27","modified_gmt":"2025-05-01T07:18:27","slug":"basilica-de-sant-feliu-de-girona","status":"publish","type":"product","link":"https:\/\/ambwood.com\/ca\/producte\/basilica-de-sant-feliu-de-girona\/","title":{"rendered":"Bas\u00edlica de Sant Feliu de Girona"},"content":{"rendered":"<p><strong>La Bas\u00edlica de Sant Feliu<\/strong>, amb el seu esvelt campanar, domina una de les places m\u00e9s vibrants de Girona, marcant l\u2019entrada al ic\u00f2nic Barri Vell. Situada al costat del riu, aquesta joia arquitect\u00f2nica combina bellesa i llegat, sent un reflex del passat glori\u00f3s de la ciutat i un punt de trobada per a locals i visitants.<\/p>\n<p>Aquesta maqueta recrea amb detall la majestuositat de la Bas\u00edlica de Sant Feliu, convertint-se en una pe\u00e7a imprescindible per a aquells que volen portar amb si l\u2019ess\u00e8ncia arquitect\u00f2nica i hist\u00f2rica de Girona.<\/p>\n","protected":false},"excerpt":{"rendered":"<p>La primera catedral i bas\u00edlica de Girona<\/p>\n","protected":false},"featured_media":2253,"template":"","meta":[],"product_brand":[],"product_cat":[46],"product_tag":[48],"class_list":{"0":"post-2541","1":"product","2":"type-product","3":"status-publish","4":"has-post-thumbnail","6":"product_cat-maquetes","7":"product_tag-derecha-ca","9":"first","10":"instock","11":"taxable","12":"shipping-taxable","13":"purchasable","14":"product-type-simple"},"_links":{"self":[{"href":"https:\/\/ambwood.com\/ca\/wp-json\/wp\/v2\/product\/2541","targetHints":{"allow":["GET"]}}],"collection":[{"href":"https:\/\/ambwood.com\/ca\/wp-json\/wp\/v2\/product"}],"about":[{"href":"https:\/\/ambwood.com\/ca\/wp-json\/wp\/v2\/types\/product"}],"wp:featuredmedia":[{"embeddable":true,"href":"https:\/\/ambwood.com\/ca\/wp-json\/wp\/v2\/media\/2253"}],"wp:attachment":[{"href":"https:\/\/ambwood.com\/ca\/wp-json\/wp\/v2\/media?parent=2541"}],"wp:term":[{"taxonomy":"product_brand","embeddable":true,"href":"https:\/\/ambwood.com\/ca\/wp-json\/wp\/v2\/product_brand?post=2541"},{"taxonomy":"product_cat","embeddable":true,"href":"https:\/\/ambwood.com\/ca\/wp-json\/wp\/v2\/product_cat?post=2541"},{"taxonomy":"product_tag","embeddable":true,"href":"https:\/\/ambwood.com\/ca\/wp-json\/wp\/v2\/product_tag?post=2541"}],"curies":[{"name":"wp","href":"https:\/\/api.w.org\/{rel}","templated":true}]}}