{"id":2624,"date":"2021-12-04T11:43:23","date_gmt":"2022-02-02T04:39:47","guid":{"rendered":"https:\/\/ambwood.com\/maquetas\/pesquera-de-lestany-de-banyoles\/"},"modified":"2025-01-14T11:26:06","modified_gmt":"2025-01-14T11:26:06","slug":"pesquera-de-lestany-de-banyoles","status":"publish","type":"product","link":"https:\/\/ambwood.com\/ca\/producte\/pesquera-de-lestany-de-banyoles\/","title":{"rendered":"Pesquera de l&#8217;Estany de Banyoles"},"content":{"rendered":"<p><strong>La Pesquera Marimon<\/strong>, una de les construccions m\u00e9s emblem\u00e0tiques que envolten l\u2019estany de Banyoles, destaca per la seva eleg\u00e0ncia i la seva connexi\u00f3 amb els esports aqu\u00e0tics. Originalment concebuda per a la pesca, amb el temps es va convertir en un espai privat ple d\u2019encant, reconeixible pel seu arc caracter\u00edstic, la seva passarel\u00b7la enjardinada i la seva c\u00fapula \u00fanica.<\/p>\n<p>Aquesta maqueta captura a la perfecci\u00f3 l\u2019ess\u00e8ncia d\u2019aquesta joia de l\u2019Estany, ideal per a aquells que volen incorporar a casa seva un s\u00edmbol del llegat i la bellesa de Banyoles.<\/p>\n","protected":false},"excerpt":{"rendered":"<p>L&#8217;ess\u00e8ncia de l&#8217;estany de Banyoles en una pesquera<\/p>\n","protected":false},"featured_media":1870,"template":"","meta":[],"product_brand":[],"product_cat":[46],"product_tag":[48],"class_list":{"0":"post-2624","1":"product","2":"type-product","3":"status-publish","4":"has-post-thumbnail","6":"product_cat-maquetes","7":"product_tag-derecha-ca","9":"first","10":"instock","11":"taxable","12":"shipping-taxable","13":"purchasable","14":"product-type-simple"},"_links":{"self":[{"href":"https:\/\/ambwood.com\/ca\/wp-json\/wp\/v2\/product\/2624","targetHints":{"allow":["GET"]}}],"collection":[{"href":"https:\/\/ambwood.com\/ca\/wp-json\/wp\/v2\/product"}],"about":[{"href":"https:\/\/ambwood.com\/ca\/wp-json\/wp\/v2\/types\/product"}],"wp:featuredmedia":[{"embeddable":true,"href":"https:\/\/ambwood.com\/ca\/wp-json\/wp\/v2\/media\/1870"}],"wp:attachment":[{"href":"https:\/\/ambwood.com\/ca\/wp-json\/wp\/v2\/media?parent=2624"}],"wp:term":[{"taxonomy":"product_brand","embeddable":true,"href":"https:\/\/ambwood.com\/ca\/wp-json\/wp\/v2\/product_brand?post=2624"},{"taxonomy":"product_cat","embeddable":true,"href":"https:\/\/ambwood.com\/ca\/wp-json\/wp\/v2\/product_cat?post=2624"},{"taxonomy":"product_tag","embeddable":true,"href":"https:\/\/ambwood.com\/ca\/wp-json\/wp\/v2\/product_tag?post=2624"}],"curies":[{"name":"wp","href":"https:\/\/api.w.org\/{rel}","templated":true}]}}