{"id":2626,"date":"2021-12-04T11:43:21","date_gmt":"2022-02-02T04:43:26","guid":{"rendered":"https:\/\/ambwood.com\/maquetas\/pont-nou-de-camprodon\/"},"modified":"2024-11-20T08:09:39","modified_gmt":"2024-11-20T08:09:39","slug":"pont-nou-de-camprodon","status":"publish","type":"product","link":"https:\/\/ambwood.com\/ca\/producte\/pont-nou-de-camprodon\/","title":{"rendered":"Pont Nou de Camprodon"},"content":{"rendered":"<p><strong>El Pont Nou de Camprodon<\/strong> \u00e9s la manera m\u00e9s encantadora i rom\u00e0ntica de creuar el riu Ter. La seva estructura ic\u00f2nica i l\u2019entorn natural que l\u2019envolta ens transporten a temps en qu\u00e8 la bellesa es gaudia sense presses, en la serenitat dels Pirineus. No \u00e9s d\u2019estranyar que viatgers d\u2019arreu tri\u00efn aquest pintoresc rac\u00f3 per gaudir de moments de calma i contemplaci\u00f3.<\/p>\n<p>Aquesta maqueta captura l\u2019ess\u00e8ncia rom\u00e0ntica del Pont Nou de Camprodon, perfecta per a aquells que volen tenir un fragment de la m\u00e0gia pirinenca a casa seva.<\/p>\n","protected":false},"excerpt":{"rendered":"<p>Una id\u00edl\u00b7lica postal pirinenca<\/p>\n","protected":false},"featured_media":1005,"template":"","meta":[],"product_brand":[],"product_cat":[46],"product_tag":[48],"class_list":{"0":"post-2626","1":"product","2":"type-product","3":"status-publish","4":"has-post-thumbnail","6":"product_cat-maquetes","7":"product_tag-derecha-ca","9":"first","10":"instock","11":"taxable","12":"shipping-taxable","13":"purchasable","14":"product-type-simple"},"_links":{"self":[{"href":"https:\/\/ambwood.com\/ca\/wp-json\/wp\/v2\/product\/2626","targetHints":{"allow":["GET"]}}],"collection":[{"href":"https:\/\/ambwood.com\/ca\/wp-json\/wp\/v2\/product"}],"about":[{"href":"https:\/\/ambwood.com\/ca\/wp-json\/wp\/v2\/types\/product"}],"wp:featuredmedia":[{"embeddable":true,"href":"https:\/\/ambwood.com\/ca\/wp-json\/wp\/v2\/media\/1005"}],"wp:attachment":[{"href":"https:\/\/ambwood.com\/ca\/wp-json\/wp\/v2\/media?parent=2626"}],"wp:term":[{"taxonomy":"product_brand","embeddable":true,"href":"https:\/\/ambwood.com\/ca\/wp-json\/wp\/v2\/product_brand?post=2626"},{"taxonomy":"product_cat","embeddable":true,"href":"https:\/\/ambwood.com\/ca\/wp-json\/wp\/v2\/product_cat?post=2626"},{"taxonomy":"product_tag","embeddable":true,"href":"https:\/\/ambwood.com\/ca\/wp-json\/wp\/v2\/product_tag?post=2626"}],"curies":[{"name":"wp","href":"https:\/\/api.w.org\/{rel}","templated":true}]}}