{"id":2628,"date":"2021-12-04T11:43:20","date_gmt":"2022-02-02T04:45:07","guid":{"rendered":"https:\/\/ambwood.com\/maquetas\/pont-de-besalu\/"},"modified":"2024-11-20T08:06:16","modified_gmt":"2024-11-20T08:06:16","slug":"pont-de-besalu","status":"publish","type":"product","link":"https:\/\/ambwood.com\/ca\/producte\/pont-de-besalu\/","title":{"rendered":"Pont de Besal\u00fa"},"content":{"rendered":"<p><strong>El Pont de Besal\u00fa<\/strong> \u00e9s un s\u00edmbol de l\u2019arquitectura medieval catalana que dona acc\u00e9s al pintoresc i ben conservat poble de Besal\u00fa, a Girona. La seva imponent estructura i el seu valor hist\u00f2ric el converteixen en una de les entrades m\u00e9s emblem\u00e0tiques a aquest tresor medieval.<\/p>\n<p>Aquesta maqueta recrea amb precisi\u00f3 el car\u00e0cter \u00fanic del Pont de Besal\u00fa, perfecta per a aquells que volen portar a casa un record del llegat medieval de Girona i de la seva bellesa atemporal.<\/p>\n","protected":false},"excerpt":{"rendered":"<p>El pont medieval que defineix Besal\u00fa<\/p>\n","protected":false},"featured_media":2256,"template":"","meta":[],"product_brand":[],"product_cat":[46],"product_tag":[47],"class_list":{"0":"post-2628","1":"product","2":"type-product","3":"status-publish","4":"has-post-thumbnail","6":"product_cat-maquetes","7":"product_tag-izquierda-ca","9":"first","10":"instock","11":"taxable","12":"shipping-taxable","13":"purchasable","14":"product-type-simple"},"_links":{"self":[{"href":"https:\/\/ambwood.com\/ca\/wp-json\/wp\/v2\/product\/2628","targetHints":{"allow":["GET"]}}],"collection":[{"href":"https:\/\/ambwood.com\/ca\/wp-json\/wp\/v2\/product"}],"about":[{"href":"https:\/\/ambwood.com\/ca\/wp-json\/wp\/v2\/types\/product"}],"wp:featuredmedia":[{"embeddable":true,"href":"https:\/\/ambwood.com\/ca\/wp-json\/wp\/v2\/media\/2256"}],"wp:attachment":[{"href":"https:\/\/ambwood.com\/ca\/wp-json\/wp\/v2\/media?parent=2628"}],"wp:term":[{"taxonomy":"product_brand","embeddable":true,"href":"https:\/\/ambwood.com\/ca\/wp-json\/wp\/v2\/product_brand?post=2628"},{"taxonomy":"product_cat","embeddable":true,"href":"https:\/\/ambwood.com\/ca\/wp-json\/wp\/v2\/product_cat?post=2628"},{"taxonomy":"product_tag","embeddable":true,"href":"https:\/\/ambwood.com\/ca\/wp-json\/wp\/v2\/product_tag?post=2628"}],"curies":[{"name":"wp","href":"https:\/\/api.w.org\/{rel}","templated":true}]}}