{"id":3442,"date":"2022-04-12T12:55:06","date_gmt":"2022-04-12T12:55:06","guid":{"rendered":"https:\/\/ambwood.com\/?post_type=product&#038;p=3442"},"modified":"2025-01-14T11:22:10","modified_gmt":"2025-01-14T11:22:10","slug":"pont-de-ferro-de-girona-copia","status":"publish","type":"product","link":"https:\/\/ambwood.com\/ca\/producte\/pont-de-ferro-de-girona-copia\/","title":{"rendered":"Palacio de Cibeles"},"content":{"rendered":"<p><strong>El Palau de Cibeles<\/strong>, conegut tamb\u00e9 com l\u2019antic Palau de Telecomunicacions, \u00e9s un dels edificis m\u00e9s representatius de Madrid. Situat al centre de la Pla\u00e7a de Cibeles, la seva imponent fa\u00e7ana blanca, dissenyada per Antonio Palacios i Joaqu\u00edn Otamendi, l\u2019ha convertit en un s\u00edmbol de la ciutat i actual seu de l\u2019ajuntament.<\/p>\n<p>Aquesta maqueta captura amb fidelitat la majestuositat del Palau de Cibeles, perfecta com a pe\u00e7a decorativa per a aquells que desitgen portar a casa un reflex del llegat arquitect\u00f2nic de Madrid.<\/p>\n","protected":false},"excerpt":{"rendered":"<div class=\"flex-shrink-0 flex flex-col relative items-end\">\n<div>\n<div class=\"pt-0\">\n<div class=\"gizmo-bot-avatar flex h-8 w-8 items-center justify-center overflow-hidden rounded-full\">\n<div class=\"relative p-1 rounded-sm flex items-center justify-center bg-token-main-surface-primary text-token-text-primary h-8 w-8\">La joia emblem\u00e0tica de Madrid<\/div>\n<\/div>\n<\/div>\n<\/div>\n<\/div>\n","protected":false},"featured_media":3546,"template":"","meta":[],"product_brand":[],"product_cat":[46],"product_tag":[47],"class_list":{"0":"post-3442","1":"product","2":"type-product","3":"status-publish","4":"has-post-thumbnail","6":"product_cat-maquetes","7":"product_tag-izquierda-ca","9":"first","10":"instock","11":"taxable","12":"shipping-taxable","13":"purchasable","14":"product-type-simple"},"_links":{"self":[{"href":"https:\/\/ambwood.com\/ca\/wp-json\/wp\/v2\/product\/3442","targetHints":{"allow":["GET"]}}],"collection":[{"href":"https:\/\/ambwood.com\/ca\/wp-json\/wp\/v2\/product"}],"about":[{"href":"https:\/\/ambwood.com\/ca\/wp-json\/wp\/v2\/types\/product"}],"wp:featuredmedia":[{"embeddable":true,"href":"https:\/\/ambwood.com\/ca\/wp-json\/wp\/v2\/media\/3546"}],"wp:attachment":[{"href":"https:\/\/ambwood.com\/ca\/wp-json\/wp\/v2\/media?parent=3442"}],"wp:term":[{"taxonomy":"product_brand","embeddable":true,"href":"https:\/\/ambwood.com\/ca\/wp-json\/wp\/v2\/product_brand?post=3442"},{"taxonomy":"product_cat","embeddable":true,"href":"https:\/\/ambwood.com\/ca\/wp-json\/wp\/v2\/product_cat?post=3442"},{"taxonomy":"product_tag","embeddable":true,"href":"https:\/\/ambwood.com\/ca\/wp-json\/wp\/v2\/product_tag?post=3442"}],"curies":[{"name":"wp","href":"https:\/\/api.w.org\/{rel}","templated":true}]}}