{"id":5167,"date":"2025-01-16T07:39:59","date_gmt":"2025-01-16T11:14:00","guid":{"rendered":"https:\/\/ambwood.com\/?post_type=product&#038;p=5167"},"modified":"2025-01-16T11:14:00","modified_gmt":"2025-01-16T11:14:00","slug":"catedral-de-mallorca-2","status":"publish","type":"product","link":"https:\/\/ambwood.com\/ca\/producte\/catedral-de-mallorca-2\/","title":{"rendered":"Catedral de Mallorca"},"content":{"rendered":"<p><strong>La Catedral de Mallorca<\/strong> \u00e9s molt m\u00e9s que un monument; \u00e9s un icona que defineix l\u2019horitz\u00f3 de l\u2019illa. Situada davant del mar a Palma, aquesta joia de l\u2019arquitectura g\u00f2tica combina majestuositat i detalls impressionants, convertint-se en un s\u00edmbol de l\u2019her\u00e8ncia cultural i religiosa de Mallorca.<\/p>\n<p>Amb aquesta maqueta, pots recrear el seu imponent disseny des de casa. Cada detall reflecteix la grandesa d\u2019aquesta catedral \u00fanica. Un cop muntada, es transforma en una pe\u00e7a decorativa que omplir\u00e0 el teu espai del car\u00e0cter i la bellesa de Palma de Mallorca.<\/p>\n","protected":false},"excerpt":{"rendered":"<p>El s\u00edmbol g\u00f2tic que corona Palma de Mallorca<\/p>\n","protected":false},"featured_media":3778,"template":"","meta":[],"product_brand":[],"product_cat":[],"product_tag":[48],"class_list":{"0":"post-5167","1":"product","2":"type-product","3":"status-publish","4":"has-post-thumbnail","6":"product_tag-derecha-ca","8":"first","9":"instock","10":"taxable","11":"shipping-taxable","12":"purchasable","13":"product-type-simple"},"_links":{"self":[{"href":"https:\/\/ambwood.com\/ca\/wp-json\/wp\/v2\/product\/5167","targetHints":{"allow":["GET"]}}],"collection":[{"href":"https:\/\/ambwood.com\/ca\/wp-json\/wp\/v2\/product"}],"about":[{"href":"https:\/\/ambwood.com\/ca\/wp-json\/wp\/v2\/types\/product"}],"wp:featuredmedia":[{"embeddable":true,"href":"https:\/\/ambwood.com\/ca\/wp-json\/wp\/v2\/media\/3778"}],"wp:attachment":[{"href":"https:\/\/ambwood.com\/ca\/wp-json\/wp\/v2\/media?parent=5167"}],"wp:term":[{"taxonomy":"product_brand","embeddable":true,"href":"https:\/\/ambwood.com\/ca\/wp-json\/wp\/v2\/product_brand?post=5167"},{"taxonomy":"product_cat","embeddable":true,"href":"https:\/\/ambwood.com\/ca\/wp-json\/wp\/v2\/product_cat?post=5167"},{"taxonomy":"product_tag","embeddable":true,"href":"https:\/\/ambwood.com\/ca\/wp-json\/wp\/v2\/product_tag?post=5167"}],"curies":[{"name":"wp","href":"https:\/\/api.w.org\/{rel}","templated":true}]}}